{"id":16518,"date":"2020-12-08T02:43:47","date_gmt":"2020-12-08T02:43:47","guid":{"rendered":"http:\/\/localhost\/wordpress\/adena\/?post_type=product&#038;p=16518"},"modified":"2025-07-24T00:44:09","modified_gmt":"2025-07-23T22:44:09","slug":"water-necklace","status":"publish","type":"product","link":"https:\/\/roycebijoux.fr\/?product=water-necklace","title":{"rendered":"Mariah"},"content":{"rendered":"<p>\u00c9l\u00e9gant bracelet en acier inoxydable.<\/p>\n","protected":false},"excerpt":{"rendered":"<p>Bracelet raffin\u00e9 en acier inoxydable, disponibles en or ou argent, con\u00e7us pour allier \u00e9l\u00e9gance et r\u00e9sistance au quotidien.<\/p>\n","protected":false},"featured_media":52443,"comment_status":"open","ping_status":"closed","template":"","meta":[],"product_brand":[],"product_cat":[61],"product_tag":[],"class_list":{"0":"post-16518","1":"product","2":"type-product","3":"status-publish","4":"has-post-thumbnail","6":"product_cat-bracelets","9":"first","10":"instock","11":"shipping-taxable","12":"purchasable","13":"product-type-variable"},"jetpack_sharing_enabled":true,"_links":{"self":[{"href":"https:\/\/roycebijoux.fr\/index.php?rest_route=\/wp\/v2\/product\/16518","targetHints":{"allow":["GET"]}}],"collection":[{"href":"https:\/\/roycebijoux.fr\/index.php?rest_route=\/wp\/v2\/product"}],"about":[{"href":"https:\/\/roycebijoux.fr\/index.php?rest_route=\/wp\/v2\/types\/product"}],"replies":[{"embeddable":true,"href":"https:\/\/roycebijoux.fr\/index.php?rest_route=%2Fwp%2Fv2%2Fcomments&post=16518"}],"wp:featuredmedia":[{"embeddable":true,"href":"https:\/\/roycebijoux.fr\/index.php?rest_route=\/wp\/v2\/media\/52443"}],"wp:attachment":[{"href":"https:\/\/roycebijoux.fr\/index.php?rest_route=%2Fwp%2Fv2%2Fmedia&parent=16518"}],"wp:term":[{"taxonomy":"product_brand","embeddable":true,"href":"https:\/\/roycebijoux.fr\/index.php?rest_route=%2Fwp%2Fv2%2Fproduct_brand&post=16518"},{"taxonomy":"product_cat","embeddable":true,"href":"https:\/\/roycebijoux.fr\/index.php?rest_route=%2Fwp%2Fv2%2Fproduct_cat&post=16518"},{"taxonomy":"product_tag","embeddable":true,"href":"https:\/\/roycebijoux.fr\/index.php?rest_route=%2Fwp%2Fv2%2Fproduct_tag&post=16518"}],"curies":[{"name":"wp","href":"https:\/\/api.w.org\/{rel}","templated":true}]}}