{"id":3,"date":"2025-06-04T22:58:31","date_gmt":"2025-06-04T20:58:31","guid":{"rendered":"http:\/\/roycebijoux.fr\/?page_id=3"},"modified":"2025-07-14T22:13:23","modified_gmt":"2025-07-14T20:13:23","slug":"politique-de-confidentialite","status":"publish","type":"page","link":"https:\/\/roycebijoux.fr\/?page_id=3","title":{"rendered":"Politique de confidentialit\u00e9"},"content":{"rendered":"\n<h2 class=\"wp-block-heading\">\u2705 Politique de confidentialit\u00e9<\/h2>\n\n\n\n<p><strong>Politique de Confidentialit\u00e9<\/strong><\/p>\n\n\n\n<p>Cette politique de confidentialit\u00e9 d\u00e9crit la mani\u00e8re dont <strong>RoyceBijoux<\/strong> recueille, utilise et prot\u00e8ge les informations personnelles de ses clients.<\/p>\n\n\n\n<hr class=\"wp-block-separator has-alpha-channel-opacity\"\/>\n\n\n\n<h2 class=\"wp-block-heading\">1. Responsable du traitement<\/h2>\n\n\n\n<p>RoyceBijoux<br>66 avenue des Champs-\u00c9lys\u00e9es, 75008 Paris<br>Email : <a>roycebijoux@gmail.com<\/a><\/p>\n\n\n\n<hr class=\"wp-block-separator has-alpha-channel-opacity\"\/>\n\n\n\n<h2 class=\"wp-block-heading\">2. Donn\u00e9es collect\u00e9es<\/h2>\n\n\n\n<p>Nous collectons les informations suivantes :<\/p>\n\n\n\n<ul class=\"wp-block-list\">\n<li>Nom, pr\u00e9nom<\/li>\n\n\n\n<li>Adresse postale<\/li>\n\n\n\n<li>Email<\/li>\n\n\n\n<li>Num\u00e9ro de t\u00e9l\u00e9phone<\/li>\n\n\n\n<li>Informations de paiement (jamais stock\u00e9es sur notre serveur)<\/li>\n<\/ul>\n\n\n\n<hr class=\"wp-block-separator has-alpha-channel-opacity\"\/>\n\n\n\n<h2 class=\"wp-block-heading\">3. Finalit\u00e9 de la collecte<\/h2>\n\n\n\n<p>Ces donn\u00e9es sont collect\u00e9es pour :<\/p>\n\n\n\n<ul class=\"wp-block-list\">\n<li>Traitement des commandes<\/li>\n\n\n\n<li>Livraison<\/li>\n\n\n\n<li>Service client<\/li>\n\n\n\n<li>Envoi de newsletters (si consentement donn\u00e9)<\/li>\n<\/ul>\n\n\n\n<hr class=\"wp-block-separator has-alpha-channel-opacity\"\/>\n\n\n\n<h2 class=\"wp-block-heading\">4. Conservation des donn\u00e9es<\/h2>\n\n\n\n<p>Les donn\u00e9es sont conserv\u00e9es pendant la dur\u00e9e n\u00e9cessaire \u00e0 la gestion commerciale et fiscale, soit maximum 5 ans apr\u00e8s la derni\u00e8re commande.<\/p>\n\n\n\n<hr class=\"wp-block-separator has-alpha-channel-opacity\"\/>\n\n\n\n<h2 class=\"wp-block-heading\">5. S\u00e9curit\u00e9<\/h2>\n\n\n\n<p>Vos donn\u00e9es personnelles sont prot\u00e9g\u00e9es par des mesures de s\u00e9curit\u00e9 conformes aux normes en vigueur.<\/p>\n\n\n\n<hr class=\"wp-block-separator has-alpha-channel-opacity\"\/>\n\n\n\n<h2 class=\"wp-block-heading\">6. Droits des utilisateurs<\/h2>\n\n\n\n<p>Conform\u00e9ment au RGPD, vous disposez de droits :<\/p>\n\n\n\n<ul class=\"wp-block-list\">\n<li>Acc\u00e8s<\/li>\n\n\n\n<li>Rectification<\/li>\n\n\n\n<li>Suppression<\/li>\n\n\n\n<li>Opposition au traitement<\/li>\n\n\n\n<li>Portabilit\u00e9<\/li>\n<\/ul>\n\n\n\n<p>Pour exercer ces droits, contactez-nous \u00e0 :<br><a><a>roycebijoux@gmail.com<\/a><\/a><\/p>\n\n\n\n<hr class=\"wp-block-separator has-alpha-channel-opacity\"\/>\n\n\n\n<h2 class=\"wp-block-heading\">7. Cookies<\/h2>\n\n\n\n<p>Nous utilisons des cookies pour am\u00e9liorer l\u2019exp\u00e9rience utilisateur. Vous pouvez les refuser via votre navigateur.<\/p>\n","protected":false},"excerpt":{"rendered":"<p>\u2705 Politique de confidentialit\u00e9 Politique de Confidentialit\u00e9 Cette politique de confidentialit\u00e9 d\u00e9crit la mani\u00e8re dont RoyceBijoux recueille, utilise et prot\u00e8ge les informations personnelles de ses clients. 1. Responsable du traitement RoyceBijoux66 avenue des Champs-\u00c9lys\u00e9es, 75008 ParisEmail : roycebijoux@gmail.com 2. Donn\u00e9es collect\u00e9es Nous collectons les informations suivantes : 3. Finalit\u00e9 de la collecte Ces donn\u00e9es sont [&hellip;]<\/p>\n","protected":false},"author":1,"featured_media":0,"parent":0,"menu_order":0,"comment_status":"closed","ping_status":"open","template":"","meta":{"footnotes":""},"class_list":["post-3","page","type-page","status-publish","hentry"],"jetpack_sharing_enabled":true,"_links":{"self":[{"href":"https:\/\/roycebijoux.fr\/index.php?rest_route=\/wp\/v2\/pages\/3","targetHints":{"allow":["GET"]}}],"collection":[{"href":"https:\/\/roycebijoux.fr\/index.php?rest_route=\/wp\/v2\/pages"}],"about":[{"href":"https:\/\/roycebijoux.fr\/index.php?rest_route=\/wp\/v2\/types\/page"}],"author":[{"embeddable":true,"href":"https:\/\/roycebijoux.fr\/index.php?rest_route=\/wp\/v2\/users\/1"}],"replies":[{"embeddable":true,"href":"https:\/\/roycebijoux.fr\/index.php?rest_route=%2Fwp%2Fv2%2Fcomments&post=3"}],"version-history":[{"count":1,"href":"https:\/\/roycebijoux.fr\/index.php?rest_route=\/wp\/v2\/pages\/3\/revisions"}],"predecessor-version":[{"id":52067,"href":"https:\/\/roycebijoux.fr\/index.php?rest_route=\/wp\/v2\/pages\/3\/revisions\/52067"}],"wp:attachment":[{"href":"https:\/\/roycebijoux.fr\/index.php?rest_route=%2Fwp%2Fv2%2Fmedia&parent=3"}],"curies":[{"name":"wp","href":"https:\/\/api.w.org\/{rel}","templated":true}]}}